{"id":109,"date":"2017-09-30T15:28:41","date_gmt":"2017-09-30T15:28:41","guid":{"rendered":"http:\/\/tournoiaspre.apps-1and1.net\/?page_id=109"},"modified":"2019-11-18T17:54:11","modified_gmt":"2019-11-18T17:54:11","slug":"historique","status":"publish","type":"page","link":"https:\/\/tournoiaspre.fcthuir.fr\/en\/historique","title":{"rendered":"Historique"},"content":{"rendered":"\n\t<h3><em>Ils ont particip\u00e9s au tournoi<\/em><\/h3>\n<h6><strong>CLIQUER SUR UNE \u00c9QUIPE AU CHOIX\u00a0<\/strong><\/h6>\n<p>&nbsp;<\/p>\n<p><a href=\"https:\/\/tournoiaspre.fcthuir.fr\/historique\/a-s-jeunes-mada-madagascar\" target=\"_blank\" rel=\"noopener noreferrer\">A.S Jeunes Mada (Madagascar)<\/a><\/p>\n<p><a href=\"https:\/\/tournoiaspre.fcthuir.fr\/historique\/f-k-kunovice-republique-tcheque\" target=\"_blank\" rel=\"noopener noreferrer\">FK Kunovice (Rep.Tch\u00e8que)<\/a><\/p>\n<p><a href=\"https:\/\/tournoiaspre.fcthuir.fr\/historique\/517-2\" target=\"_blank\" rel=\"noopener noreferrer\">BSC Berlin\u00a0(Allemagne)<\/a><\/p>\n<p><a href=\"https:\/\/tournoiaspre.fcthuir.fr\/historique\/lormont\" target=\"_blank\" rel=\"noopener noreferrer\">US Lormont<\/a><\/p>\n<p><a href=\"https:\/\/tournoiaspre.fcthuir.fr\/historique\/onex\" target=\"_blank\" rel=\"noopener noreferrer\">FC Onex (Suisse)<\/a><\/p>\n<p><a href=\"https:\/\/tournoiaspre.fcthuir.fr\/historique\/val-durance\" target=\"_blank\" rel=\"noopener noreferrer\">Val Durance<\/a><\/p>\n<p>Evian<\/p>\n<p><a href=\"https:\/\/tournoiaspre.fcthuir.fr\/historique\/lamalou\" target=\"_blank\" rel=\"noopener noreferrer\">FC Lamalou les Bains<\/a><\/p>\n<p><a href=\"https:\/\/tournoiaspre.fcthuir.fr\/historique\/ks-london\" target=\"_blank\" rel=\"noopener noreferrer\">King School London (Angleterre)<\/a><\/p>\n<p><a href=\"https:\/\/tournoiaspre.fcthuir.fr\/historique\/botev\" target=\"_blank\" rel=\"noopener noreferrer\">Botev Vratza (Bulgarie)<\/a><\/p>\n<p><a href=\"https:\/\/tournoiaspre.fcthuir.fr\/historique\/uhersky\" target=\"_blank\" rel=\"noopener noreferrer\">Uhersky Brod (R\u00e9publique Tch\u00e8que)<\/a><\/p>\n<p><a href=\"https:\/\/tournoiaspre.fcthuir.fr\/historique\/f-k-novi-pazar\" target=\"_blank\" rel=\"noopener noreferrer\">FK Novi Pazar (Serbie)<\/a><\/p>\n<p>US Touraine<\/p>\n<p><a href=\"https:\/\/tournoiaspre.fcthuir.fr\/historique\/millau\" target=\"_blank\" rel=\"noopener noreferrer\">SO Millau<\/a><\/p>\n<p><a href=\"https:\/\/tournoiaspre.fcthuir.fr\/historique\/vilobi\" target=\"_blank\" rel=\"noopener noreferrer\">F.B. Vilobi (Espagne)<\/a><\/p>\n<p><a href=\"https:\/\/tournoiaspre.fcthuir.fr\/historique\/la-bisbal\" target=\"_blank\" rel=\"noopener noreferrer\">At La Bisbal (Espagne)<\/a><\/p>\n<p>Peralada (Espagne)<\/p>\n<p><a href=\"https:\/\/tournoiaspre.fcthuir.fr\/historique\/linda\" target=\"_blank\" rel=\"noopener noreferrer\">S.C.Lindo a Velha (Portugal)<\/a><\/p>\n<p>FC Silves (Portugal)<\/p>\n<p><a href=\"https:\/\/tournoiaspre.fcthuir.fr\/historique\/palma\" target=\"_blank\" rel=\"noopener noreferrer\">Palma del Rio (Espagne)<\/a><\/p>\n<p><a href=\"https:\/\/tournoiaspre.fcthuir.fr\/historique\/om\" target=\"_blank\" rel=\"noopener noreferrer\">Olympique de Marseille<\/a><\/p>\n<p><a href=\"https:\/\/tournoiaspre.fcthuir.fr\/historique\/dijon\" target=\"_blank\" rel=\"noopener noreferrer\">Dijon F.C.O<\/a><\/p>\n<p>Pontivy<\/p>\n<p><a href=\"https:\/\/tournoiaspre.fcthuir.fr\/historique\/beziers\" target=\"_blank\" rel=\"noopener noreferrer\">O.J. Beziers<\/a><\/p>\n<p><a href=\"https:\/\/tournoiaspre.fcthuir.fr\/historique\/635-2\" target=\"_blank\" rel=\"noopener noreferrer\">Dynamo de Kiev (Ukraine)<\/a><\/p>\n<p><a href=\"https:\/\/tournoiaspre.fcthuir.fr\/historique\/montpellier\" target=\"_blank\" rel=\"noopener noreferrer\">Montpellier H.S.C<\/a><\/p>\n<p><a href=\"https:\/\/tournoiaspre.fcthuir.fr\/historique\/septeme\" target=\"_blank\" rel=\"noopener noreferrer\">S.O. Septemes<\/a><\/p>\n<p>E.S.Ambronay<\/p>\n<p><a href=\"https:\/\/tournoiaspre.fcthuir.fr\/historique\/1002-2\" target=\"_blank\" rel=\"noopener noreferrer\">Tavira (Portugal)<\/a><\/p>\n<p><a href=\"https:\/\/tournoiaspre.fcthuir.fr\/historique\/nwrs-setif\" target=\"_blank\" rel=\"noopener noreferrer\">S.A.Setif (Alg\u00e9rie)<\/a><\/p>\n<p>FC Bouvigny<\/p>\n<p>\u200b<a href=\"https:\/\/tournoiaspre.fcthuir.fr\/historique\/995-2\" target=\"_blank\" rel=\"noopener noreferrer\">C.F.Pont de Molins (Espagne)<\/a><\/p>\n<p><a href=\"https:\/\/tournoiaspre.fcthuir.fr\/historique\/montauban\" target=\"_blank\" rel=\"noopener noreferrer\">FC Montauban<\/a><\/p>\n<p><a href=\"https:\/\/tournoiaspre.fcthuir.fr\/historique\/612-2\" target=\"_blank\" rel=\"noopener noreferrer\">La Salle Figueres (Espagne)<\/a><\/p>\n<p><a href=\"https:\/\/tournoiaspre.fcthuir.fr\/historique\/lhopital\" target=\"_blank\" rel=\"noopener noreferrer\">S.S. L&rsquo;H\u00f4pital<\/a><\/p>\n<p><a href=\"https:\/\/tournoiaspre.fcthuir.fr\/historique\/sokol\" target=\"_blank\" rel=\"noopener noreferrer\">Sokov Slavkov (Rep. Tch\u00e8que)<\/a><\/p>\n<p>Caderousse<\/p>\n<p><a href=\"https:\/\/tournoiaspre.fcthuir.fr\/historique\/fun\" target=\"_blank\" rel=\"noopener noreferrer\">F.U.Narbonne<\/a><\/p>\n<p><a href=\"https:\/\/tournoiaspre.fcthuir.fr\/historique\/as-lavernose\" target=\"_blank\" rel=\"noopener noreferrer\">A.S.Lavernose<\/a><\/p>\n<p><a href=\"https:\/\/tournoiaspre.fcthuir.fr\/historique\/as-montferrand-puy-de-dome\" target=\"_blank\" rel=\"noopener noreferrer\">AS Montferrand<\/a><\/p>\n<h1>Il \u00e9tait une fois&#8230;.<\/h1>\n<p>&nbsp;<\/p>\n<p>C&rsquo;est en 1982, cinq ans apr\u00e8s la cr\u00e9ation du Football Club Thuirinois, qu&rsquo;une \u00e9quipe d\u00e9cid\u00e9e, sous la pr\u00e9sidence de G\u00e9rard FOSSE et Jean BESOMBES, fit na\u00eetre le 1er tournoi International de l&rsquo;Aspre.\u00a0\u00a0 Cela fait 36 ans d\u00e9j\u00e0 que se rencontrent \u00e0 Thuir des jeunes footballeurs de tous les pays d&rsquo;Europe mais d&rsquo;aussi d&rsquo;Afrique avec l&rsquo;Alg\u00e9rie et le Madagascar.\u00a0\u00a0 Des tournois toujours plus r\u00e9ussis les uns que les autres, et dont celui de l&rsquo;ann\u00e9e 1990 vit 8 pays de la CEE fouler la pelouse du stade Eug\u00e8ne Rib\u00e8re \u00e0 Thuir.\u00a0\u00a0 Tous ces jeunes, pleins d&rsquo;enthousiasme, ont su cr\u00e9er, au del\u00e0 du football, des liens profonds d&rsquo;amiti\u00e9. \u00a0\u00a0Du c\u00f4t\u00e9 des dirigeants du FCT, on a pu se rendre compte de leur travail, de leur abn\u00e9gation et de leur ferveur. Toujours pr\u00e9sents et enthousiastes, ils n&rsquo;ont jamais rechign\u00e9 devant la t\u00e2che, pour que chaque ann\u00e9e renouvel\u00e9e, cette grande f\u00eate du football soit une r\u00e9ussite.<\/p>\n<h2><a href=\"https:\/\/tournoiaspre.fcthuir.fr\/palmares\" target=\"_blank\" rel=\"noopener noreferrer\">PALMAR\u00c8S<\/a><\/h2>\n<p>&nbsp;<\/p>\n<p>Du premier, l&rsquo;Olympique de Marseille en 1982 \u00e0 la Fundacion Marcet de Barcelone vainqueur en 2017 en passant par le Sept\u00eame de Zidane, le Dynamo de Kiev ou Montpellier H.C, des clubs des pays du monde entier sont venus \u00e0 Thuir pour participer \u00e0 notre tournoi dans un esprit de convivialit\u00e9, d&rsquo;\u00e9change mais aussi de comp\u00e9tition.<\/p>\n<p>Notre objectif est d&rsquo;accueillir, mais aussi de tisser des liens d&rsquo;amiti\u00e9 et de pouvoir \u00e0 notre tour faire vivre \u00e0 nos jeunes des voyages inoubliables au travers de l&rsquo;Europe : Marseille, Bordeaux, L&rsquo;h\u00f4pital, l&rsquo;Angleterre, la Hollande, l&rsquo;Espagne, le Portugal, la Suisse, l&rsquo;Allemagne, etc&#8230;<\/p>\n<div id=\"attachment_97\" style=\"width: 542px\" class=\"wp-caption alignnone\"><img loading=\"lazy\" decoding=\"async\" aria-describedby=\"caption-attachment-97\" src=\"https:\/\/tournoiaspre.fcthuir.fr\/wp-content\/uploads\/2017\/09\/Photo-septeme-1-300x165.jpg\" alt=\"\" width=\"532\" height=\"293\" \/><p id=\"caption-attachment-97\" class=\"wp-caption-text\">Zin\u00e9dine Zidane \u00e0 Thuir (Les bras crois\u00e9s)<\/p><\/div>\n<p><strong>Zin\u00e9dine Zidane \u00e0 Thuir<\/strong><\/p>\n<p>En 1984, le 4\u00e9me Tournoi international de l&rsquo;Aspre oppose, sur le bon vieux stade Violet, des \u00e9quipes pupilles et minimes venues d\u00e9j\u00e0, de diff\u00e9rents pays d&rsquo;Europe : Onex (Suisse),\u00a0 Coventry (Angleterre), Olot (Espagne), mais aussi Montpellier\u00a0 la Paillade, Al\u00e8s, Narbonne, Perpignan, Canet en Roussillon et\u00a0le SO Sept\u00e8me qui compte dans ses rangs un certain Zinedine Zidane.<\/p>\n<p>\u00ab\u00a0Zizou\u00a0\u00bb et ses copains remporteront le troph\u00e9e pour leur 1\u00e8re participation. \u00a0En 1998, le journal\u00a0 \u00ab\u00a0L&rsquo;Equipe\u00a0\u00bb faisait un article sur \u00ab\u00a0Zizou\u00a0\u00bb et \u00e9voquait son s\u00e9jour \u00e0 Thuir lors de ce\u00a0 4\u00e9me Tournoi International de l&rsquo;Aspre : \u00a0\u00bb L&rsquo;un des moments les plus forts, c&rsquo;est le d\u00e9placement \u00e0 Thuir, pr\u00e8s de Perpignan, o\u00f9 les joueurs du SO Sept\u00e8me participent au tournoi de Pentec\u00f4te 1985.\u00a0\u00a0 On avait demand\u00e9 aux familles une participation de 50\u00a0 Francs par joueur, pour affr\u00e9ter un car et on \u00e9tait partis un Samedi matin vers 5 ou 6 heures, se souvient Roger DELPLANO, alors secr\u00e9taire g\u00e9n\u00e9ral du club, dont il a pris depuis, la pr\u00e9sidence.\u00a0\u00a0 Mais pour les gamins, cela reste un grand souvenir car pour la plupart d&rsquo;entre eux, c&rsquo;\u00e9tait la premi\u00e8re fois qu&rsquo;ils participaient sans leurs parents.\u00a0\u00a0 Alors le Samedi soir, apr\u00e8s un d\u00e9fil\u00e9 de Majorettes sur le stade, il y avait eu une grande f\u00eate pour tout le monde.\u00a0\u00bb L&rsquo;ann\u00e9e suivante le destin s&rsquo;acc\u00e9l\u00e8re pour \u00ab\u00a0Zizou\u00a0\u00bb qu&rsquo;un recruteur de Cannes rep\u00e8re lors d&rsquo;un match de cadets Saint Rapha\u00ebl \/ Sept\u00e8mes les Vallons.\u00a0\u00a0 Mais Zin\u00e9dine ne part pas tout de suite pour la C\u00f4te d&rsquo;Azur, histoire peut-\u00eatre d&rsquo;honorer sa toute premi\u00e8re s\u00e9lection en tant que licenci\u00e9 du SO Sept\u00e8me les Vallons.<\/p>\n<p>&nbsp;<\/p>\n<div id=\"attachment_110\" style=\"width: 495px\" class=\"wp-caption alignnone\"><img loading=\"lazy\" decoding=\"async\" aria-describedby=\"caption-attachment-110\" src=\"https:\/\/tournoiaspre.fcthuir.fr\/wp-content\/uploads\/2017\/09\/SASTRE-300x213.jpg\" alt=\"\" width=\"485\" height=\"344\" \/><p id=\"caption-attachment-110\" class=\"wp-caption-text\">Le Maire de Thuir, remettant la m\u00e9daille de la ville \u00e0 Fernand Sastre, copr\u00e9sident du comit\u00e9 d&rsquo;organisation de la coupe du monde 98<a title=\"Le Maire de Thuir, remettant la m\u00e9daille de la ville \u00e0 Fernand Sastre, copr\u00e9sident du comit\u00e9 d'organisation de la coupe du monde 98\" href=\"https:\/\/www.fcthuir.fr\/s\/cc_images\/teaserbox_7889022.jpg?t=1503437323\" rel=\"lightbox[8049875]\"><img decoding=\"async\" id=\"image_8049875\" src=\"https:\/\/www.fcthuir.fr\/s\/cc_images\/cache_7889022.jpg?t=1503437323\" alt=\"\" \/><\/a><\/p><\/div>\n<strong>Le Label \u00ab\u00a0Coupe du Monde 1998\u00a0\u00bb<\/strong>\n<p>Michel Platini, copr\u00e9sident de France 98, l&rsquo;a souvent r\u00e9p\u00e9t\u00e9 : \u00ab\u00a0La Coupe du Monde 98 ne se limitera pas \u00e0 l&rsquo;organisation de 64 matches. Nous voulons qu&rsquo;elle soit aussi un grande f\u00eate populaire pour tout le football fran\u00e7ais dans toute la France et notamment, une grande f\u00eate pour la jeunesse\u00a0\u00bb.<\/p>\n<p>Les dix villes du Mondial sont en pr\u00e9paration et partout, de nombreuses manifestations sportives culturelles ou artistiques pilot\u00e9es par le CFO viendront animer la comp\u00e9tition pour permettre \u00e0 chacun de vivre ou de participer \u00e0 cet \u00e9v\u00e9nement exceptionnel.<\/p>\n<p>Le parrainage par France 98 d&rsquo;un certain nombre de tournois de jeunes, organis\u00e9s dans le milieu amateur, r\u00e9pond pr\u00e9cis\u00e9ment \u00e0 ce souci : \u00ab\u00a0Le CFO souhaite de cette fa\u00e7on, explique Jean SMITH, membre du D\u00e9partement Comp\u00e9titions, r\u00e9compenser des clubs m\u00e9ritant dont les tournois sont reconnus, tant pour leur qualit\u00e9 que pour leur s\u00e9rieux.\u00a0\u00bb Sept clubs ont ainsi re\u00e7u le Label \u00ab\u00a0Coupe du Monde 98\u00a0\u00bb apr\u00e8s un examen rigoureux d&rsquo;une multitude de candidatures et visites aux organisateurs.\u00a0\u00a0 \u00ab\u00a0Ces clubs ont \u00e9t\u00e9 choisis pour leur pass\u00e9, comme celui de Craix, organis\u00e9 depuis 40 ans, dit encore Jean SMITH, l&rsquo;importance de leur fr\u00e9quentation et la valeur du plateau.\u00a0\u00a0 Nous souhaitons qu&rsquo;ils conjuguent \u00e0 la fois la masse et l&rsquo;\u00e9lite. Je tiens \u00e0 dire que nous avons beaucoup \u00e9t\u00e9 aid\u00e9s par Maurice BURLAZ.\u00a0\u00bb.\u00a0\u00a0 Un autre crit\u00e8re retenu, m\u00eame s&rsquo;il n&rsquo;a pas toujours \u00e9t\u00e9 respect\u00e9 \u00e0 le lettre, est celui de l&rsquo;implantation g\u00e9ographique.\u00a0\u00a0 \u00ab\u00a0Il fallait \u00e9viter les sites trop proches de la comp\u00e9tition et donc d\u00e9j\u00e0 tr\u00e8s anim\u00e9s.\u00a0\u00a0 Thuir (Pyr\u00e9n\u00e9es-Orientales) est l&rsquo;exemple parfait.\u00a0\u00a0 Enfin, nous voulions aussi consid\u00e9rer toutes les cat\u00e9gories de jeunes.\u00a0\u00bb<\/p>\n<p><strong>Aujourd&rsquo;hui, le FC THUIR qui accueille un si grand nombre d&rsquo;enfants souhaite que tous ces jeunes, plus tard, soient main dans la main pour construire une Europe unie.<\/strong><\/p>\n<h2><\/h2>\n<h2><a href=\"https:\/\/tournoiaspre.fcthuir.fr\/palmares\" target=\"_blank\" rel=\"noopener noreferrer\">PALMAR\u00c8S<\/a><\/h2>\n\t<h3><em>Ils ont particip\u00e9s au tournoi<\/em><\/h3>\n<h6><strong>CLIQUER SUR UNE \u00c9QUIPE AU CHOIX\u00a0<\/strong><\/h6>\n<p>&nbsp;<\/p>\n<p><a href=\"https:\/\/tournoiaspre.fcthuir.fr\/historique\/954-2\" target=\"_blank\" rel=\"noopener noreferrer\">S.A. Maasmechelen (Belgique)<\/a><\/p>\n<p>FC Pont Bagnols<\/p>\n<p><a href=\"https:\/\/tournoiaspre.fcthuir.fr\/historique\/marius\" target=\"_blank\" rel=\"noopener noreferrer\">Marius Bacius (Roumanie)<\/a><\/p>\n<p><a href=\"https:\/\/tournoiaspre.fcthuir.fr\/historique\/aimargues\" target=\"_blank\" rel=\"noopener noreferrer\">S.O. Aimargues<\/a><\/p>\n<p><a href=\"https:\/\/tournoiaspre.fcthuir.fr\/historique\/nans\" target=\"_blank\" rel=\"noopener noreferrer\">S.C. Nans les Pins<\/a><\/p>\n<p><a href=\"https:\/\/tournoiaspre.fcthuir.fr\/historique\/vesel-nad\" target=\"_blank\" rel=\"noopener noreferrer\">Vesel Nad (Rep.Tch\u00e8que)<\/a><\/p>\n<p><a href=\"https:\/\/tournoiaspre.fcthuir.fr\/historique\/limoges\" target=\"_blank\" rel=\"noopener noreferrer\">Limoges F.C.<\/a><\/p>\n<p><a href=\"https:\/\/tournoiaspre.fcthuir.fr\/historique\/olympique-ales\" target=\"_blank\" rel=\"noopener noreferrer\">O. Al\u00e8s<\/a><\/p>\n<p><a href=\"https:\/\/tournoiaspre.fcthuir.fr\/historique\/fm-barcelone\" target=\"_blank\" rel=\"noopener noreferrer\">Fundacion Marcet Barcelone (Espagne)<\/a><\/p>\n<p><a href=\"https:\/\/tournoiaspre.fcthuir.fr\/historique\/uspeg\" target=\"_blank\" rel=\"noopener noreferrer\">USPEG Marseille<\/a><\/p>\n<p><a href=\"https:\/\/tournoiaspre.fcthuir.fr\/historique\/maniago\" target=\"_blank\" rel=\"noopener noreferrer\">Maniago (Italie)<\/a><\/p>\n<p>Cascol Football Oullins<\/p>\n<p><a href=\"https:\/\/tournoiaspre.fcthuir.fr\/historique\/canet\" target=\"_blank\" rel=\"noopener noreferrer\">Canet Roussillon F.C.<\/a><\/p>\n<p><a href=\"https:\/\/tournoiaspre.fcthuir.fr\/historique\/519-2\" target=\"_blank\" rel=\"noopener noreferrer\">S.C.Berre<\/a><\/p>\n<p><a href=\"https:\/\/tournoiaspre.fcthuir.fr\/historique\/cabestany\" target=\"_blank\" rel=\"noopener noreferrer\">Cabestany O.C.<\/a><\/p>\n<p><a href=\"https:\/\/tournoiaspre.fcthuir.fr\/historique\/1221-2\" target=\"_blank\" rel=\"noopener noreferrer\">F.C. Coventry (Angleterre)<\/a><\/p>\n<p>J.S.Consolat-Marseille<\/p>\n<p><a href=\"https:\/\/tournoiaspre.fcthuir.fr\/historique\/chandieu\" target=\"_blank\" rel=\"noopener noreferrer\">F.C.O.Chandieu<\/a><\/p>\n<p><a href=\"https:\/\/tournoiaspre.fcthuir.fr\/historique\/khamovniki-2\" target=\"_blank\" rel=\"noopener noreferrer\">F.C.Khamovniki (Russie)<\/a><\/p>\n<p><a href=\"https:\/\/tournoiaspre.fcthuir.fr\/historique\/pamiers\" target=\"_blank\" rel=\"noopener noreferrer\">F.C.Pamiers<\/a><\/p>\n<p><a href=\"https:\/\/tournoiaspre.fcthuir.fr\/historique\/usms-setif\" target=\"_blank\" rel=\"noopener noreferrer\">US.M.S.Setif (Alg\u00e9rie)<\/a><\/p>\n<p><a href=\"https:\/\/tournoiaspre.fcthuir.fr\/historique\/voreppe\" target=\"_blank\" rel=\"noopener noreferrer\">C.S Voreppe<\/a><\/p>\n<p><a href=\"https:\/\/tournoiaspre.fcthuir.fr\/historique\/villamalla\" target=\"_blank\" rel=\"noopener noreferrer\">F.C.Villamalla (Espagne)<\/a><\/p>\n<p><a href=\"https:\/\/tournoiaspre.fcthuir.fr\/historique\/viktoria\" target=\"_blank\" rel=\"noopener noreferrer\">F.C. Viktoria (R\u00e9p.Tch\u00e8que)<\/a><\/p>\n<p><a href=\"https:\/\/tournoiaspre.fcthuir.fr\/historique\/plumeliau\" target=\"_blank\" rel=\"noopener noreferrer\">C.S. Plumeliau<\/a><\/p>\n<p><a href=\"https:\/\/tournoiaspre.fcthuir.fr\/historique\/pcfc\" target=\"_blank\" rel=\"noopener noreferrer\">Perpignan Canet F.C.<\/a><\/p>\n<p><a href=\"https:\/\/tournoiaspre.fcthuir.fr\/historique\/venelles\" target=\"_blank\" rel=\"noopener noreferrer\">U.S. Venelles<\/a><\/p>\n<p><a href=\"https:\/\/tournoiaspre.fcthuir.fr\/historique\/olot\" target=\"_blank\" rel=\"noopener noreferrer\">U.E. Olot\u00a0 (Espagne)<\/a><\/p>\n<p><a href=\"https:\/\/tournoiaspre.fcthuir.fr\/historique\/mazargues\" target=\"_blank\" rel=\"noopener noreferrer\">A.S. Mazargues\u00a0<\/a><\/p>\n<p><a href=\"https:\/\/tournoiaspre.fcthuir.fr\/historique\/lluynes\" target=\"_blank\" rel=\"noopener noreferrer\">A.S.Lluynes-Fondettes<\/a><\/p>\n<p><a href=\"https:\/\/tournoiaspre.fcthuir.fr\/historique\/514-2\" target=\"_blank\" rel=\"noopener noreferrer\">Bervewich (Hollande)<\/a><\/p>\n<p><a href=\"https:\/\/tournoiaspre.fcthuir.fr\/historique\/maniago\" target=\"_blank\" rel=\"noopener noreferrer\">Maniago (Italie)<\/a><\/p>\n<p><a href=\"https:\/\/tournoiaspre.fcthuir.fr\/historique\/bompas\" target=\"_blank\" rel=\"noopener noreferrer\">U.S. Bompas<\/a><\/p>\n<p><a href=\"https:\/\/tournoiaspre.fcthuir.fr\/historique\/fc-juziers\" target=\"_blank\" rel=\"noopener noreferrer\">FC Juziers<\/a><\/p>\n<p><a href=\"https:\/\/tournoiaspre.fcthuir.fr\/historique\/sc-narbone-montplaisir\" target=\"_blank\" rel=\"noopener noreferrer\">S.C.Narbonne Montplaisir<\/a><\/p>\n<p><a href=\"https:\/\/tournoiaspre.fcthuir.fr\/historique\/2-rochers-fc\" target=\"_blank\" rel=\"noopener noreferrer\">2 Rochers FC<\/a><\/p>\n<p><a href=\"https:\/\/tournoiaspre.fcthuir.fr\/historique\/sc-briard\" target=\"_blank\" rel=\"noopener noreferrer\">SC Briard<\/a><\/p>\n<p><a href=\"https:\/\/tournoiaspre.fcthuir.fr\/historique\/us-bouillargues\" target=\"_blank\" rel=\"noopener noreferrer\">US Bouillargues<\/a><\/p>\n<p><a href=\"https:\/\/tournoiaspre.fcthuir.fr\/historique\/st-esteve\" target=\"_blank\" rel=\"noopener noreferrer\">FC St Esteve<\/a><\/p>\n<p><a href=\"https:\/\/tournoiaspre.fcthuir.fr\/asptt-pays-catalan\" target=\"_blank\" rel=\"noopener noreferrer\">ASPTT Pays Catalan<\/a><\/p>\n<p><a href=\"https:\/\/tournoiaspre.fcthuir.fr\/historique\/js-le-beausset-var\" target=\"_blank\" rel=\"noopener noreferrer\">JS Le Beausset<\/a><\/p>\n","protected":false},"excerpt":{"rendered":"<p>Ils ont particip\u00e9s au tournoi CLIQUER SUR UNE \u00c9QUIPE AU CHOIX\u00a0 &nbsp; A.S Jeunes Mada (Madagascar) FK Kunovice (Rep.Tch\u00e8que) BSC Berlin\u00a0(Allemagne) US Lormont FC Onex (Suisse) Val Durance Evian FC Lamalou les Bains King School London (Angleterre) Botev Vratza (Bulgarie) Uhersky Brod (R\u00e9publique Tch\u00e8que) FK Novi Pazar (Serbie) US Touraine SO Millau F.B. Vilobi (Espagne) <a href=\"https:\/\/tournoiaspre.fcthuir.fr\/en\/historique\" rel=\"nofollow\"><span class=\"sr-only\">Read more about Historique<\/span>[&hellip;]<\/a><\/p>\n","protected":false},"author":1,"featured_media":0,"parent":0,"menu_order":1,"comment_status":"closed","ping_status":"closed","template":"template-fullwidth.php","meta":{"_monsterinsights_skip_tracking":false,"_monsterinsights_sitenote_active":false,"_monsterinsights_sitenote_note":"","_monsterinsights_sitenote_category":0,"ngg_post_thumbnail":0,"footnotes":""},"class_list":["post-109","page","type-page","status-publish","hentry"],"jetpack_sharing_enabled":true,"_links":{"self":[{"href":"https:\/\/tournoiaspre.fcthuir.fr\/en\/wp-json\/wp\/v2\/pages\/109","targetHints":{"allow":["GET"]}}],"collection":[{"href":"https:\/\/tournoiaspre.fcthuir.fr\/en\/wp-json\/wp\/v2\/pages"}],"about":[{"href":"https:\/\/tournoiaspre.fcthuir.fr\/en\/wp-json\/wp\/v2\/types\/page"}],"author":[{"embeddable":true,"href":"https:\/\/tournoiaspre.fcthuir.fr\/en\/wp-json\/wp\/v2\/users\/1"}],"replies":[{"embeddable":true,"href":"https:\/\/tournoiaspre.fcthuir.fr\/en\/wp-json\/wp\/v2\/comments?post=109"}],"version-history":[{"count":43,"href":"https:\/\/tournoiaspre.fcthuir.fr\/en\/wp-json\/wp\/v2\/pages\/109\/revisions"}],"predecessor-version":[{"id":4679,"href":"https:\/\/tournoiaspre.fcthuir.fr\/en\/wp-json\/wp\/v2\/pages\/109\/revisions\/4679"}],"wp:attachment":[{"href":"https:\/\/tournoiaspre.fcthuir.fr\/en\/wp-json\/wp\/v2\/media?parent=109"}],"curies":[{"name":"wp","href":"https:\/\/api.w.org\/{rel}","templated":true}]}}