{"id":773,"date":"2017-10-03T19:33:00","date_gmt":"2017-10-03T19:33:00","guid":{"rendered":"http:\/\/tournoiaspre.apps-1and1.net\/?page_id=773"},"modified":"2020-05-30T12:52:02","modified_gmt":"2020-05-30T12:52:02","slug":"fc-thuir","status":"publish","type":"page","link":"https:\/\/tournoiaspre.fcthuir.fr\/en\/fc-thuir","title":{"rendered":"FC Thuir"},"content":{"rendered":"<h1 style=\"text-align: center;\">TOURNOI INTERNATIONAL DE L&rsquo;ASPRE<\/h1>\n<h2 style=\"text-align: center;\">Organis\u00e9 par le <a href=\"http:\/\/club.fcthuir.fr\/\" target=\"_blank\" rel=\"noopener noreferrer\">Football Club Thuirinois<\/a><\/h2>\n<p><img loading=\"lazy\" decoding=\"async\" src=\"https:\/\/tournoiaspre.fcthuir.fr\/wp-content\/uploads\/2017\/09\/logo-thuir-football-club_1-227x300.png\" alt=\"\" width=\"140\" height=\"185\"><\/p>\n<p><strong>Ligue : Occitanie<\/strong><br \/>\n<strong>District : Pyr\u00e9n\u00e9es-Orientales<\/strong><br \/>\n<strong>N\u00b0Affiliation : 530112 <\/strong><br \/>\n<strong>Tournoi organis\u00e9 sur les trois jours en cat\u00e9gorie U11-U13 et U15<\/strong><br \/>\n<strong>Plateau U7 et U9 en ouverture le samedi<\/strong><\/p>\n<p style=\"text-align: left;\"><a href=\"http:\/\/club.fcthuir.fr\/\" target=\"_blank\" rel=\"noopener noreferrer\">Site Officiel<\/a><\/p>\n<p><a href=\"https:\/\/www.laregion.fr\/\" target=\"_blank\" rel=\"noopener noreferrer\"><br \/>\n<img loading=\"lazy\" decoding=\"async\" src=\"https:\/\/tournoiaspre.fcthuir.fr\/wp-content\/uploads\/2017\/10\/Occitanie-150x150.jpg\" alt=\"R\u00e9gion Occitanie\" width=\"150\" height=\"150\"><br \/>\n<\/a><br \/>\nR\u00e9gion Occitanie<br \/>\n<a href=\"http:\/\/66300thuirsports.unblog.fr\/\" target=\"_blank\" rel=\"noopener noreferrer\"><br \/>\n<img loading=\"lazy\" decoding=\"async\" src=\"https:\/\/tournoiaspre.fcthuir.fr\/wp-content\/uploads\/2017\/10\/OMS-e1507058664842.jpg\" alt=\"Office municipal des Sports\" width=\"681\" height=\"392\"><br \/>\n<\/a><br \/>\nOffice municipal des Sports<br \/>\n<a href=\"http:\/\/www.thuir.fr\/\" target=\"_blank\" rel=\"noopener noreferrer\"><br \/>\n<img loading=\"lazy\" decoding=\"async\" src=\"https:\/\/tournoiaspre.fcthuir.fr\/wp-content\/uploads\/2017\/09\/MAIRIE-THUIR-142x150.jpg\" alt=\"Mairie de Thuir\" width=\"142\" height=\"150\"><br \/>\n<\/a><br \/>\nMairie de Thuir<br \/>\n<a href=\"https:\/\/pyrenees-orientales.fff.fr\/\" target=\"_blank\" rel=\"noopener noreferrer\"><br \/>\n<img loading=\"lazy\" decoding=\"async\" src=\"https:\/\/tournoiaspre.fcthuir.fr\/wp-content\/uploads\/2017\/09\/distrcit-PO.jpg\" alt=\"District des P.O\" width=\"108\" height=\"105\"><br \/>\n<\/a><br \/>\nDistrict des P.O<br \/>\n<a href=\"http:\/\/www.ledepartement66.fr\/\" target=\"_blank\" rel=\"noopener noreferrer\"><br \/>\n<img loading=\"lazy\" decoding=\"async\" src=\"https:\/\/tournoiaspre.fcthuir.fr\/wp-content\/uploads\/2017\/09\/CG-150x150.png\" alt=\"Conseil d\u00e9partemental des Pyr\u00e9n\u00e9es-Orientales\" width=\"150\" height=\"150\"><br \/>\n<\/a><br \/>\nConseil d\u00e9partemental des Pyr\u00e9n\u00e9es-Orientales<br \/>\n<a href=\"https:\/\/www.fff.fr\/\" target=\"_blank\" rel=\"noopener noreferrer\"><br \/>\n<img loading=\"lazy\" decoding=\"async\" src=\"https:\/\/tournoiaspre.fcthuir.fr\/wp-content\/uploads\/2017\/09\/FFF-150x150.jpg\" alt=\"F\u00e9d\u00e9ration fran\u00e7aise de football\" width=\"150\" height=\"150\"><br \/>\n<\/a><br \/>\nF\u00e9d\u00e9ration fran\u00e7aise de football<br \/>\n<a href=\"http:\/\/www.cc-aspres.fr\" target=\"_blank\" rel=\"noopener noreferrer\"><br \/>\n<img loading=\"lazy\" decoding=\"async\" src=\"https:\/\/tournoiaspre.fcthuir.fr\/wp-content\/uploads\/2017\/09\/logo-aspres.jpg\" alt=\"Communaut\u00e9 des Communes des Aspre\" width=\"423\" height=\"293\"><br \/>\n<\/a><br \/>\nCommunaut\u00e9 des Communes des Aspre<br \/>\n<a href=\"https:\/\/occitanie.fff.fr\/\" target=\"_blank\" rel=\"noopener noreferrer\"><br \/>\n<img loading=\"lazy\" decoding=\"async\" src=\"https:\/\/tournoiaspre.fcthuir.fr\/wp-content\/uploads\/2017\/09\/ligue-150x150.jpg\" alt=\"Ligue de Football Occitanie\" width=\"150\" height=\"150\"><br \/>\n<\/a><br \/>\nLigue de Football Occitanie<\/p>","protected":false},"excerpt":{"rendered":"<p>TOURNOI INTERNATIONAL DE L&rsquo;ASPRE Organis\u00e9 par le Football Club Thuirinois Ligue : Occitanie District : Pyr\u00e9n\u00e9es-Orientales N\u00b0Affiliation : 530112 Tournoi organis\u00e9 sur les trois jours en cat\u00e9gorie U11-U13 et U15 Plateau U7 et U9 en ouverture le samedi Site Officiel R\u00e9gion Occitanie Office municipal des Sports Mairie de Thuir District des P.O Conseil d\u00e9partemental des <a href=\"https:\/\/tournoiaspre.fcthuir.fr\/en\/fc-thuir\" rel=\"nofollow\"><span class=\"sr-only\">Read more about FC Thuir<\/span>[&hellip;]<\/a><\/p>\n","protected":false},"author":1,"featured_media":0,"parent":0,"menu_order":1,"comment_status":"closed","ping_status":"closed","template":"template-fullwidth-no-title.php","meta":{"_monsterinsights_skip_tracking":false,"_monsterinsights_sitenote_active":false,"_monsterinsights_sitenote_note":"","_monsterinsights_sitenote_category":0,"ngg_post_thumbnail":0,"footnotes":""},"class_list":["post-773","page","type-page","status-publish","hentry"],"jetpack_sharing_enabled":true,"_links":{"self":[{"href":"https:\/\/tournoiaspre.fcthuir.fr\/en\/wp-json\/wp\/v2\/pages\/773","targetHints":{"allow":["GET"]}}],"collection":[{"href":"https:\/\/tournoiaspre.fcthuir.fr\/en\/wp-json\/wp\/v2\/pages"}],"about":[{"href":"https:\/\/tournoiaspre.fcthuir.fr\/en\/wp-json\/wp\/v2\/types\/page"}],"author":[{"embeddable":true,"href":"https:\/\/tournoiaspre.fcthuir.fr\/en\/wp-json\/wp\/v2\/users\/1"}],"replies":[{"embeddable":true,"href":"https:\/\/tournoiaspre.fcthuir.fr\/en\/wp-json\/wp\/v2\/comments?post=773"}],"version-history":[{"count":11,"href":"https:\/\/tournoiaspre.fcthuir.fr\/en\/wp-json\/wp\/v2\/pages\/773\/revisions"}],"predecessor-version":[{"id":4760,"href":"https:\/\/tournoiaspre.fcthuir.fr\/en\/wp-json\/wp\/v2\/pages\/773\/revisions\/4760"}],"wp:attachment":[{"href":"https:\/\/tournoiaspre.fcthuir.fr\/en\/wp-json\/wp\/v2\/media?parent=773"}],"curies":[{"name":"wp","href":"https:\/\/api.w.org\/{rel}","templated":true}]}}